{"id":88,"date":"2023-03-01T14:03:52","date_gmt":"2023-03-01T13:03:52","guid":{"rendered":"https:\/\/srcsl.com\/politica-de-cookies\/"},"modified":"2025-03-26T11:14:23","modified_gmt":"2025-03-26T10:14:23","slug":"politique-de-cookies","status":"publish","type":"page","link":"https:\/\/srcsl.com\/fr\/politica-de-cookies\/","title":{"rendered":"Politique de cookies"},"content":{"rendered":"<div data-elementor-type=\"wp-page\" data-elementor-id=\"88\" class=\"elementor elementor-88\" data-elementor-post-type=\"page\">\n\t\t\t\t\t\t<section class=\"elementor-section elementor-top-section elementor-element elementor-element-7fec2296 elementor-section-boxed elementor-section-height-default elementor-section-height-default\" data-id=\"7fec2296\" data-element_type=\"section\" data-e-type=\"section\">\n\t\t\t\t\t\t<div class=\"elementor-container elementor-column-gap-default\">\n\t\t\t\t\t<div class=\"elementor-column elementor-col-100 elementor-top-column elementor-element elementor-element-5a253539\" data-id=\"5a253539\" data-element_type=\"column\" data-e-type=\"column\">\n\t\t\t<div class=\"elementor-widget-wrap elementor-element-populated\">\n\t\t\t\t\t\t<div class=\"elementor-element elementor-element-e1e0670 elementor-widget elementor-widget-heading\" data-id=\"e1e0670\" data-element_type=\"widget\" data-e-type=\"widget\" data-widget_type=\"heading.default\">\n\t\t\t\t<div class=\"elementor-widget-container\">\n\t\t\t\t\t<h2 class=\"elementor-heading-title elementor-size-default\">Politique de cookies<\/h2>\t\t\t\t<\/div>\n\t\t\t\t<\/div>\n\t\t\t\t<div class=\"elementor-element elementor-element-47b90704 elementor-widget elementor-widget-text-editor\" data-id=\"47b90704\" data-element_type=\"widget\" data-e-type=\"widget\" data-widget_type=\"text-editor.default\">\n\t\t\t\t<div class=\"elementor-widget-container\">\n\t\t\t\t\t\t\t\t\t<p>Ce site web utilise des cookies. Nous expliquons ici ce que sont les cookies et comment nous les utilisons sur notre site Web. Vous pouvez \u00e0 tout moment modifier vos pr\u00e9f\u00e9rences en mati\u00e8re de cookies :<\/p><p><a href=\"#\" class=\"_brlbs-btn-cookie-preference borlabs-cookie-preference\">Pr\u00e9f\u00e9rences en mati\u00e8re de cookies<\/a><\/p><hr \/><p>Conform\u00e9ment \u00e0 la loi 34\/2002 du 11 juillet sur les services de la soci\u00e9t\u00e9 de l&#039;information et du commerce \u00e9lectronique, nous vous informons que ce site, comme la plupart des sites Internet, utilise des cookies pour am\u00e9liorer et optimiser l&#039;exp\u00e9rience utilisateur.<\/p><p>Vous trouverez ci-dessous des informations d\u00e9taill\u00e9es sur ce que sont les cookies, le type utilis\u00e9 par ce site Web, comment modifier vos param\u00e8tres de cookies et ce qui se passe si vous d\u00e9sactivez les cookies.<\/p><h4>Que sont les cookies ?<\/h4><p>Un cookie est un petit fichier qui est t\u00e9l\u00e9charg\u00e9 sur l&#039;ordinateur de l&#039;utilisateur afin de stocker des donn\u00e9es, qui peuvent \u00eatre mises \u00e0 jour et r\u00e9cup\u00e9r\u00e9es par l&#039;entit\u00e9 responsable de son installation.<\/p><h4>Quel type de Cookies ce site utilise-t-il ?<\/h4><p>Vous trouverez ci-dessous un tableau avec les cookies utilis\u00e9s sur ce site Web. Vous pouvez vous renseigner sur les transferts vers des pays tiers qui, le cas \u00e9ch\u00e9ant, sont effectu\u00e9s par les tiers identifi\u00e9s dans cette politique de cookies dans leurs politiques correspondantes.<\/p><p><div class=\"BorlabsCookie\"><h3 class=\"_brlbs _brlbs-cg-essential\">Essentiel<\/h3><p class=\"_brlbs _brlbs-cg-essential\">Les cookies essentiels activent les fonctions de base et sont n\u00e9cessaires au bon fonctionnement du site Web.<\/p><h4 class=\"_brlbs _brlbs-c-borlabs-cookie\">Biscuit Borlabs<\/h4><div class=\"_brlbs-responsive-table\"><table class=\"_brlbs _brlbs-c-borlabs-cookie\"><tr><th scope=\"row\">nom<\/th><td>Biscuit Borlabs<\/td><\/tr><tr><th scope=\"row\">Fournisseur<\/th><td>Propri\u00e9taire de ce site<span>, <\/span><a href=\"https:\/\/srcsl.com\/aviso-legal\/\">Avis juridique<\/a><\/td><\/tr><tr><th scope=\"row\">But<\/th><td>Enregistre les pr\u00e9f\u00e9rences des visiteurs s\u00e9lectionn\u00e9s dans la Borlabs Cookie Cookie Box.<\/td><\/tr><tr><th scope=\"row\">Nom du cookie<\/th><td>cookie-borlabs<\/td><\/tr><tr><th scope=\"row\">Expiration des cookies<\/th><td>1 ann\u00e9e<\/td><\/tr><\/table><\/div><h3 class=\"_brlbs _brlbs-cg-statistics\">Statistiques<\/h3><p class=\"_brlbs _brlbs-cg-statistics\">Les cookies de statistiques collectent des informations de mani\u00e8re anonyme. Ces informations nous aident \u00e0 comprendre comment nos visiteurs utilisent notre site Web.<\/p><h4 class=\"_brlbs _brlbs-c-google-tag-manager\">Gestionnaire de balises Google<\/h4><div class=\"_brlbs-responsive-table\"><table class=\"_brlbs _brlbs-c-google-tag-manager\"><tr><th scope=\"row\">nom<\/th><td>Gestionnaire de balises Google<\/td><\/tr><tr><th scope=\"row\">Fournisseur<\/th><td>Google Ireland Limited, Gordon House, Barrow Street, Dublin 4, Irlande<\/td><\/tr><tr><th scope=\"row\">But<\/th><td>Le cookie de Google est utilis\u00e9 pour contr\u00f4ler la gestion avanc\u00e9e des scripts et des \u00e9v\u00e9nements.<\/td><\/tr><tr><th scope=\"row\">Politique de confidentialit\u00e9<\/th><td><a href=\"https:\/\/policies.google.com\/privacy?hl=en\" target=\"_blank\" rel=\"nofollow noopener noreferrer\">https:\/\/policies.google.com\/privacy?hl=en<\/a><\/td><\/tr><tr><th scope=\"row\">Nom du cookie<\/th><td>_ga,_gat,_gid<\/td><\/tr><tr><th scope=\"row\">Expiration des cookies<\/th><td>2 ans<\/td><\/tr><\/table><\/div><h3 class=\"_brlbs _brlbs-cg-marketing\">Commercialisation<\/h3><p class=\"_brlbs _brlbs-cg-marketing\">Les cookies marketing sont utilis\u00e9s par des annonceurs ou des \u00e9diteurs tiers pour afficher des publicit\u00e9s personnalis\u00e9es. Pour ce faire, ils suivent les visiteurs sur les sites Web.<\/p><h4 class=\"_brlbs _brlbs-c-google-ads\">Annonces Google<\/h4><div class=\"_brlbs-responsive-table\"><table class=\"_brlbs _brlbs-c-google-ads\"><tr><th scope=\"row\">nom<\/th><td>Annonces Google<\/td><\/tr><tr><th scope=\"row\">Fournisseur<\/th><td>Google Ireland Limited, Gordon House, Barrow Street, Dublin 4, Irlande<\/td><\/tr><tr><th scope=\"row\">But<\/th><td>Cookie Google utilis\u00e9 pour suivre la conversion des annonces Google.<\/td><\/tr><tr><th scope=\"row\">Politique de confidentialit\u00e9<\/th><td><a href=\"https:\/\/policies.google.com\/privacy?hl=en\" target=\"_blank\" rel=\"nofollow noopener noreferrer\">https:\/\/policies.google.com\/privacy?hl=en<\/a><\/td><\/tr><\/table><\/div><h3 class=\"_brlbs _brlbs-cg-external-media\">m\u00e9dias externes<\/h3><p class=\"_brlbs _brlbs-cg-external-media\">Le contenu des plateformes vid\u00e9o et des plateformes de m\u00e9dias sociaux est bloqu\u00e9 par d\u00e9faut. Si les cookies de m\u00e9dias externes sont accept\u00e9s, l&#039;acc\u00e8s \u00e0 ces contenus ne n\u00e9cessite plus de consentement manuel.<\/p><h4 class=\"_brlbs _brlbs-c-googlemaps\">Google Maps<\/h4><div class=\"_brlbs-responsive-table\"><table class=\"_brlbs _brlbs-c-googlemaps\"><tr><th scope=\"row\">nom<\/th><td>Google Maps<\/td><\/tr><tr><th scope=\"row\">Fournisseur<\/th><td>Google Ireland Limited, Gordon House, Barrow Street, Dublin 4, Irlande<\/td><\/tr><tr><th scope=\"row\">But<\/th><td>Il est utilis\u00e9 pour d\u00e9verrouiller le contenu de Google Maps.<\/td><\/tr><tr><th scope=\"row\">Politique de confidentialit\u00e9<\/th><td><a href=\"https:\/\/policies.google.com\/privacy?hl=enl=en\" target=\"_blank\" rel=\"nofollow noopener noreferrer\">https:\/\/policies.google.com\/privacy?hl=enl=en<\/a><\/td><\/tr><tr><th scope=\"row\">H\u00f4te(s)<\/th><td>.Google com<\/td><\/tr><tr><th scope=\"row\">Nom du cookie<\/th><td>JNV<\/td><\/tr><tr><th scope=\"row\">Expiration des cookies<\/th><td>6 mois<\/td><\/tr><\/table><\/div><h4 class=\"_brlbs _brlbs-c-youtube\">Youtube<\/h4><div class=\"_brlbs-responsive-table\"><table class=\"_brlbs _brlbs-c-youtube\"><tr><th scope=\"row\">nom<\/th><td>Youtube<\/td><\/tr><tr><th scope=\"row\">Fournisseur<\/th><td>Google Ireland Limited, Gordon House, Barrow Street, Dublin 4, Irlande<\/td><\/tr><tr><th scope=\"row\">But<\/th><td>Il est utilis\u00e9 pour d\u00e9bloquer le contenu YouTube.<\/td><\/tr><tr><th scope=\"row\">Politique de confidentialit\u00e9<\/th><td><a href=\"https:\/\/policies.google.com\/privacy?hl=enl=en\" target=\"_blank\" rel=\"nofollow noopener noreferrer\">https:\/\/policies.google.com\/privacy?hl=enl=en<\/a><\/td><\/tr><tr><th scope=\"row\">H\u00f4te(s)<\/th><td>Google com<\/td><\/tr><tr><th scope=\"row\">Nom du cookie<\/th><td>JNV<\/td><\/tr><tr><th scope=\"row\">Expiration des cookies<\/th><td>6 mois<\/td><\/tr><\/table><\/div><\/div><\/p><h4>Comment param\u00e9trer vos Cookies ?<\/h4><p>En naviguant et en poursuivant sur notre site, vous consentez \u00e0 l&#039;utilisation de Cookies dans les conditions contenues dans la pr\u00e9sente Politique de Cookies. En tant qu&#039;utilisateur, vous avez la possibilit\u00e9 d&#039;exercer \u00e0 tout moment votre droit de bloquer, \u00e9liminer et refuser l&#039;utilisation de Cookies en modifiant les options de votre navigateur.<\/p><p>Par exemple:<\/p><ol><li>Internet Explorer : Outils &gt; Options Internet &gt; Confidentialit\u00e9 &gt; Param\u00e8tres. Pour plus d&#039;informations, vous pouvez consulter le support Microsoft ou l&#039;aide du navigateur.<\/li><li>Mozilla Firefox\u00a0: Outils\u00a0&gt; Options\u00a0&gt; Confidentialit\u00e9\u00a0&gt; Historique\u00a0&gt; Param\u00e8tres personnalis\u00e9s. Pour plus d&#039;informations, vous pouvez consulter le support Mozilla ou l&#039;aide du navigateur.<\/li><li>Google Chrome : Param\u00e8tres &gt; Afficher les options avanc\u00e9es &gt; Confidentialit\u00e9 -&gt; Param\u00e8tres de contenu. Pour plus d&#039;informations, vous pouvez consulter le support Google ou l&#039;aide du navigateur.<\/li><li>Safari : Pr\u00e9f\u00e9rences &gt; S\u00e9curit\u00e9. Pour plus d&#039;informations, vous pouvez consulter le support Apple ou l&#039;aide du navigateur.<\/li><li>Opera : Param\u00e8tres &gt; Options &gt; Avanc\u00e9 &gt; Cookies Pour plus d&#039;informations, vous pouvez consulter le support Opera ou l&#039;aide du navigateur.<\/li><\/ol><p>Si vous utilisez un autre navigateur que les pr\u00e9c\u00e9dents, consultez sa politique d&#039;installation, d&#039;utilisation et de blocage des cookies. \u2013&gt;<\/p><h4>Votre historique de consentement<\/h4><p><div class=\"BorlabsCookie\" data-borlabs-cookie-consent-history><div class=\"_brlbs-responsive-table\"><table class=\"_brlbs-table\"><thead><tr><th class=\"_brlbs-table-date\" scope=\"col\">Date<\/th><th class=\"_brlbs-table-version\" scope=\"col\">Version<\/th><th class=\"_brlbs-table-consents\" scope=\"col\">Consentements<\/th><\/tr><\/thead><\/table><\/div><\/div><\/p><h4>Que se passe-t-il si les cookies sont d\u00e9sactiv\u00e9s\u00a0?<\/h4><p>Certaines fonctionnalit\u00e9s des Services ou des zones de ce site Web peuvent ne pas fonctionner correctement.<\/p><h4>Allons-nous mettre \u00e0 jour notre politique de cookies\u00a0?<\/h4><p>Il est possible que nous mettions \u00e0 jour la politique de cookies de notre site Web, par cons\u00e9quent, nos avocats nous demandent de vous recommander de revoir cette politique chaque fois que vous acc\u00e9dez \u00e0 notre site Web, afin d&#039;\u00eatre correctement inform\u00e9s sur comment et pour quoi nous utilisons les cookies. .<\/p>\t\t\t\t\t\t\t\t<\/div>\n\t\t\t\t<\/div>\n\t\t\t\t\t<\/div>\n\t\t<\/div>\n\t\t\t\t\t<\/div>\n\t\t<\/section>\n\t\t\t\t<\/div>","protected":false},"excerpt":{"rendered":"<p>Pol\u00edtica de Cookies Esta web utiliza cookies. Aqu\u00ed te explicamos qu\u00e9 son las cookies y c\u00f3mo las usamos en nuestra web. Puedes cambiar tus preferencias de cookies en cualquier momento: En cumplimiento de la Ley 34\/2002, de 11 de julio, de Servicios de la Sociedad de la Informaci\u00f3n y Comercio Electr\u00f3nico, te informamos de que [&hellip;]<\/p>\n","protected":false},"author":1,"featured_media":0,"parent":0,"menu_order":18,"comment_status":"closed","ping_status":"closed","template":"","meta":{"_uf_show_specific_survey":0,"_uf_disable_surveys":false,"site-sidebar-layout":"no-sidebar","site-content-layout":"default","ast-site-content-layout":"default","site-content-style":"default","site-sidebar-style":"default","ast-global-header-display":"","ast-banner-title-visibility":"","ast-main-header-display":"","ast-hfb-above-header-display":"","ast-hfb-below-header-display":"","ast-hfb-mobile-header-display":"","site-post-title":"","ast-breadcrumbs-content":"","ast-featured-img":"","footer-sml-layout":"","ast-disable-related-posts":"","theme-transparent-header-meta":"default","adv-header-id-meta":"","stick-header-meta":"default","header-above-stick-meta":"","header-main-stick-meta":"","header-below-stick-meta":"","astra-migrate-meta-layouts":"default","ast-page-background-enabled":"default","ast-page-background-meta":{"desktop":{"background-color":"","background-image":"","background-repeat":"repeat","background-position":"center center","background-size":"auto","background-attachment":"scroll","background-type":"","background-media":"","overlay-type":"","overlay-color":"","overlay-opacity":"","overlay-gradient":""},"tablet":{"background-color":"","background-image":"","background-repeat":"repeat","background-position":"center center","background-size":"auto","background-attachment":"scroll","background-type":"","background-media":"","overlay-type":"","overlay-color":"","overlay-opacity":"","overlay-gradient":""},"mobile":{"background-color":"","background-image":"","background-repeat":"repeat","background-position":"center center","background-size":"auto","background-attachment":"scroll","background-type":"","background-media":"","overlay-type":"","overlay-color":"","overlay-opacity":"","overlay-gradient":""}},"ast-content-background-meta":{"desktop":{"background-color":"var(--ast-global-color-5)","background-image":"","background-repeat":"repeat","background-position":"center center","background-size":"auto","background-attachment":"scroll","background-type":"","background-media":"","overlay-type":"","overlay-color":"","overlay-opacity":"","overlay-gradient":""},"tablet":{"background-color":"var(--ast-global-color-5)","background-image":"","background-repeat":"repeat","background-position":"center center","background-size":"auto","background-attachment":"scroll","background-type":"","background-media":"","overlay-type":"","overlay-color":"","overlay-opacity":"","overlay-gradient":""},"mobile":{"background-color":"var(--ast-global-color-5)","background-image":"","background-repeat":"repeat","background-position":"center center","background-size":"auto","background-attachment":"scroll","background-type":"","background-media":"","overlay-type":"","overlay-color":"","overlay-opacity":"","overlay-gradient":""}},"footnotes":""},"class_list":["post-88","page","type-page","status-publish","hentry"],"yoast_head":"<!-- This site is optimized with the Yoast SEO plugin v27.4 - https:\/\/yoast.com\/product\/yoast-seo-wordpress\/ -->\n<title>Pol\u00edtica de cookies - SRC - Sistemas de regulaci\u00f3n y control<\/title>\n<meta name=\"description\" content=\"Pol\u00edtica de cookies de SRC - Sistemas de regulaci\u00f3n y control\" \/>\n<meta name=\"robots\" content=\"index, follow, max-snippet:-1, max-image-preview:large, max-video-preview:-1\" \/>\n<link rel=\"canonical\" href=\"https:\/\/srcsl.com\/fr\/politique-de-cookies\/\" \/>\n<meta property=\"og:locale\" content=\"fr_FR\" \/>\n<meta property=\"og:type\" content=\"article\" \/>\n<meta property=\"og:title\" content=\"Pol\u00edtica de cookies - SRC - Sistemas de regulaci\u00f3n y control\" \/>\n<meta property=\"og:description\" content=\"Pol\u00edtica de cookies de SRC - Sistemas de regulaci\u00f3n y control\" \/>\n<meta property=\"og:url\" content=\"https:\/\/srcsl.com\/fr\/politique-de-cookies\/\" \/>\n<meta property=\"og:site_name\" content=\"SRC - Sistemas de regulaci\u00f3n y control\" \/>\n<meta property=\"article:modified_time\" content=\"2025-03-26T10:14:23+00:00\" \/>\n<meta property=\"og:image\" content=\"https:\/\/srcsl.com\/wp-content\/uploads\/2020\/02\/logo-SRC-1200-pix.jpg\" \/>\n\t<meta property=\"og:image:width\" content=\"1200\" \/>\n\t<meta property=\"og:image:height\" content=\"595\" \/>\n\t<meta property=\"og:image:type\" content=\"image\/jpeg\" \/>\n<meta name=\"twitter:card\" content=\"summary_large_image\" \/>\n<script type=\"application\/ld+json\" class=\"yoast-schema-graph\">{\"@context\":\"https:\\\/\\\/schema.org\",\"@graph\":[{\"@type\":\"WebPage\",\"@id\":\"https:\\\/\\\/srcsl.com\\\/fr\\\/politica-de-cookies\\\/\",\"url\":\"https:\\\/\\\/srcsl.com\\\/fr\\\/politica-de-cookies\\\/\",\"name\":\"Pol\u00edtica de cookies - SRC - Sistemas de regulaci\u00f3n y control\",\"isPartOf\":{\"@id\":\"https:\\\/\\\/srcsl.com\\\/fr\\\/#website\"},\"datePublished\":\"2023-03-01T13:03:52+00:00\",\"dateModified\":\"2025-03-26T10:14:23+00:00\",\"description\":\"Pol\u00edtica de cookies de SRC - Sistemas de regulaci\u00f3n y control\",\"breadcrumb\":{\"@id\":\"https:\\\/\\\/srcsl.com\\\/fr\\\/politica-de-cookies\\\/#breadcrumb\"},\"inLanguage\":\"fr-FR\",\"potentialAction\":[{\"@type\":\"ReadAction\",\"target\":[\"https:\\\/\\\/srcsl.com\\\/fr\\\/politica-de-cookies\\\/\"]}]},{\"@type\":\"BreadcrumbList\",\"@id\":\"https:\\\/\\\/srcsl.com\\\/fr\\\/politica-de-cookies\\\/#breadcrumb\",\"itemListElement\":[{\"@type\":\"ListItem\",\"position\":1,\"name\":\"Home\",\"item\":\"https:\\\/\\\/srcsl.com\\\/\"},{\"@type\":\"ListItem\",\"position\":2,\"name\":\"Pol\u00edtica de cookies\"}]},{\"@type\":\"WebSite\",\"@id\":\"https:\\\/\\\/srcsl.com\\\/fr\\\/#website\",\"url\":\"https:\\\/\\\/srcsl.com\\\/fr\\\/\",\"name\":\"SRC - Sistemas de regulaci\u00f3n y control\",\"description\":\"Especialistas en regulaci\u00f3n y control de temperatura\",\"publisher\":{\"@id\":\"https:\\\/\\\/srcsl.com\\\/fr\\\/#organization\"},\"potentialAction\":[{\"@type\":\"SearchAction\",\"target\":{\"@type\":\"EntryPoint\",\"urlTemplate\":\"https:\\\/\\\/srcsl.com\\\/fr\\\/?s={search_term_string}\"},\"query-input\":{\"@type\":\"PropertyValueSpecification\",\"valueRequired\":true,\"valueName\":\"search_term_string\"}}],\"inLanguage\":\"fr-FR\"},{\"@type\":\"Organization\",\"@id\":\"https:\\\/\\\/srcsl.com\\\/fr\\\/#organization\",\"name\":\"SRC - Sistemas de regulaci\u00f3n y control\",\"url\":\"https:\\\/\\\/srcsl.com\\\/fr\\\/\",\"logo\":{\"@type\":\"ImageObject\",\"inLanguage\":\"fr-FR\",\"@id\":\"https:\\\/\\\/srcsl.com\\\/fr\\\/#\\\/schema\\\/logo\\\/image\\\/\",\"url\":\"https:\\\/\\\/srcsl.com\\\/wp-content\\\/uploads\\\/2019\\\/01\\\/favicon.png\",\"contentUrl\":\"https:\\\/\\\/srcsl.com\\\/wp-content\\\/uploads\\\/2019\\\/01\\\/favicon.png\",\"width\":162,\"height\":154,\"caption\":\"SRC - Sistemas de regulaci\u00f3n y control\"},\"image\":{\"@id\":\"https:\\\/\\\/srcsl.com\\\/fr\\\/#\\\/schema\\\/logo\\\/image\\\/\"}}]}<\/script>\n<!-- \/ Yoast SEO plugin. -->","yoast_head_json":{"title":"Politique de cookies - SRC - Sistemas de regulaci\u00f3n y control","description":"Politique de cookies de SRC - Sistemas de regulaci\u00f3n y control","robots":{"index":"index","follow":"follow","max-snippet":"max-snippet:-1","max-image-preview":"max-image-preview:large","max-video-preview":"max-video-preview:-1"},"canonical":"https:\/\/srcsl.com\/fr\/politique-de-cookies\/","og_locale":"fr_FR","og_type":"article","og_title":"Pol\u00edtica de cookies - SRC - Sistemas de regulaci\u00f3n y control","og_description":"Pol\u00edtica de cookies de SRC - Sistemas de regulaci\u00f3n y control","og_url":"https:\/\/srcsl.com\/fr\/politique-de-cookies\/","og_site_name":"SRC - Sistemas de regulaci\u00f3n y control","article_modified_time":"2025-03-26T10:14:23+00:00","og_image":[{"width":1200,"height":595,"url":"https:\/\/srcsl.com\/wp-content\/uploads\/2020\/02\/logo-SRC-1200-pix.jpg","type":"image\/jpeg"}],"twitter_card":"summary_large_image","schema":{"@context":"https:\/\/schema.org","@graph":[{"@type":"WebPage","@id":"https:\/\/srcsl.com\/fr\/politica-de-cookies\/","url":"https:\/\/srcsl.com\/fr\/politica-de-cookies\/","name":"Politique de cookies - SRC - Sistemas de regulaci\u00f3n y control","isPartOf":{"@id":"https:\/\/srcsl.com\/fr\/#website"},"datePublished":"2023-03-01T13:03:52+00:00","dateModified":"2025-03-26T10:14:23+00:00","description":"Politique de cookies de SRC - Sistemas de regulaci\u00f3n y control","breadcrumb":{"@id":"https:\/\/srcsl.com\/fr\/politica-de-cookies\/#breadcrumb"},"inLanguage":"fr-FR","potentialAction":[{"@type":"ReadAction","target":["https:\/\/srcsl.com\/fr\/politica-de-cookies\/"]}]},{"@type":"BreadcrumbList","@id":"https:\/\/srcsl.com\/fr\/politica-de-cookies\/#breadcrumb","itemListElement":[{"@type":"ListItem","position":1,"name":"Home","item":"https:\/\/srcsl.com\/"},{"@type":"ListItem","position":2,"name":"Pol\u00edtica de cookies"}]},{"@type":"WebSite","@id":"https:\/\/srcsl.com\/fr\/#website","url":"https:\/\/srcsl.com\/fr\/","name":"SRC - Sistemas de regulaci\u00f3n y control","description":"Sp\u00e9cialistes de la r\u00e9gulation et du contr\u00f4le de temp\u00e9rature","publisher":{"@id":"https:\/\/srcsl.com\/fr\/#organization"},"potentialAction":[{"@type":"SearchAction","target":{"@type":"EntryPoint","urlTemplate":"https:\/\/srcsl.com\/fr\/?s={search_term_string}"},"query-input":{"@type":"PropertyValueSpecification","valueRequired":true,"valueName":"search_term_string"}}],"inLanguage":"fr-FR"},{"@type":"Organization","@id":"https:\/\/srcsl.com\/fr\/#organization","name":"SRC - Sistemas de regulaci\u00f3n y control","url":"https:\/\/srcsl.com\/fr\/","logo":{"@type":"ImageObject","inLanguage":"fr-FR","@id":"https:\/\/srcsl.com\/fr\/#\/schema\/logo\/image\/","url":"https:\/\/srcsl.com\/wp-content\/uploads\/2019\/01\/favicon.png","contentUrl":"https:\/\/srcsl.com\/wp-content\/uploads\/2019\/01\/favicon.png","width":162,"height":154,"caption":"SRC - Sistemas de regulaci\u00f3n y control"},"image":{"@id":"https:\/\/srcsl.com\/fr\/#\/schema\/logo\/image\/"}}]}},"_links":{"self":[{"href":"https:\/\/srcsl.com\/fr\/wp-json\/wp\/v2\/pages\/88","targetHints":{"allow":["GET"]}}],"collection":[{"href":"https:\/\/srcsl.com\/fr\/wp-json\/wp\/v2\/pages"}],"about":[{"href":"https:\/\/srcsl.com\/fr\/wp-json\/wp\/v2\/types\/page"}],"author":[{"embeddable":true,"href":"https:\/\/srcsl.com\/fr\/wp-json\/wp\/v2\/users\/1"}],"replies":[{"embeddable":true,"href":"https:\/\/srcsl.com\/fr\/wp-json\/wp\/v2\/comments?post=88"}],"version-history":[{"count":12,"href":"https:\/\/srcsl.com\/fr\/wp-json\/wp\/v2\/pages\/88\/revisions"}],"predecessor-version":[{"id":13321,"href":"https:\/\/srcsl.com\/fr\/wp-json\/wp\/v2\/pages\/88\/revisions\/13321"}],"wp:attachment":[{"href":"https:\/\/srcsl.com\/fr\/wp-json\/wp\/v2\/media?parent=88"}],"curies":[{"name":"wp","href":"https:\/\/api.w.org\/{rel}","templated":true}]}}