{"id":1192,"date":"2023-05-04T13:02:58","date_gmt":"2023-05-04T11:02:58","guid":{"rendered":"https:\/\/srcsl.com\/?page_id=1192"},"modified":"2026-02-09T09:58:26","modified_gmt":"2026-02-09T08:58:26","slug":"qualite","status":"publish","type":"page","link":"https:\/\/srcsl.com\/fr\/empresa\/calidad\/","title":{"rendered":"Qualit\u00e9"},"content":{"rendered":"<div data-elementor-type=\"wp-page\" data-elementor-id=\"1192\" class=\"elementor elementor-1192\" data-elementor-post-type=\"page\">\n\t\t\t\t\t\t<section class=\"elementor-section elementor-top-section elementor-element elementor-element-3a661461 elementor-section-full_width elementor-section-stretched elementor-section-height-default elementor-section-height-default\" data-id=\"3a661461\" data-element_type=\"section\" data-e-type=\"section\" data-settings=\"{&quot;background_background&quot;:&quot;classic&quot;,&quot;stretch_section&quot;:&quot;section-stretched&quot;}\">\n\t\t\t\t\t\t\t<div class=\"elementor-background-overlay\"><\/div>\n\t\t\t\t\t\t\t<div class=\"elementor-container elementor-column-gap-no\">\n\t\t\t\t\t<div class=\"elementor-column elementor-col-100 elementor-top-column elementor-element elementor-element-eebc2e8\" data-id=\"eebc2e8\" data-element_type=\"column\" data-e-type=\"column\">\n\t\t\t<div class=\"elementor-widget-wrap elementor-element-populated\">\n\t\t\t\t\t\t<div class=\"elementor-element elementor-element-22fec783 elementor-widget elementor-widget-heading\" data-id=\"22fec783\" data-element_type=\"widget\" data-e-type=\"widget\" data-widget_type=\"heading.default\">\n\t\t\t\t<div class=\"elementor-widget-container\">\n\t\t\t\t\t<h1 class=\"elementor-heading-title elementor-size-large\">QUALIT\u00c9<\/h1>\t\t\t\t<\/div>\n\t\t\t\t<\/div>\n\t\t\t\t\t<\/div>\n\t\t<\/div>\n\t\t\t\t\t<\/div>\n\t\t<\/section>\n\t\t\t\t<section class=\"elementor-section elementor-top-section elementor-element elementor-element-1bfa690 elementor-section-content-middle elementor-section-stretched elementor-section-boxed elementor-section-height-default elementor-section-height-default\" data-id=\"1bfa690\" data-element_type=\"section\" data-e-type=\"section\" data-settings=\"{&quot;stretch_section&quot;:&quot;section-stretched&quot;}\">\n\t\t\t\t\t\t<div class=\"elementor-container elementor-column-gap-no\">\n\t\t\t\t\t<div class=\"elementor-column elementor-col-50 elementor-top-column elementor-element elementor-element-0f29ae9\" data-id=\"0f29ae9\" data-element_type=\"column\" data-e-type=\"column\">\n\t\t\t<div class=\"elementor-widget-wrap elementor-element-populated\">\n\t\t\t\t\t\t<div class=\"elementor-element elementor-element-5c34ce9 elementor-widget elementor-widget-heading\" data-id=\"5c34ce9\" data-element_type=\"widget\" data-e-type=\"widget\" data-widget_type=\"heading.default\">\n\t\t\t\t<div class=\"elementor-widget-container\">\n\t\t\t\t\t<h2 class=\"elementor-heading-title elementor-size-large\">QUALIT\u00c9 GARANTIE<\/h2>\t\t\t\t<\/div>\n\t\t\t\t<\/div>\n\t\t\t\t<div class=\"elementor-element elementor-element-5c72581 elementor-widget elementor-widget-text-editor\" data-id=\"5c72581\" data-element_type=\"widget\" data-e-type=\"widget\" data-widget_type=\"text-editor.default\">\n\t\t\t\t<div class=\"elementor-widget-container\">\n\t\t\t\t\t\t\t\t\t<p><img decoding=\"async\" class=\"alignright wp-image-4901\" src=\"https:\/\/srcsl.com\/wp-content\/uploads\/2023\/07\/Logo-ISO-SRC-2011_con_mensaje-e1689883905291.jpg\" alt=\"ISO 9001\" width=\"123\" height=\"250\" srcset=\"https:\/\/srcsl.com\/wp-content\/uploads\/2023\/07\/Logo-ISO-SRC-2011_con_mensaje-e1689883905291.jpg 197w, https:\/\/srcsl.com\/wp-content\/uploads\/2023\/07\/Logo-ISO-SRC-2011_con_mensaje-e1689883905291-148x300.jpg 148w, https:\/\/srcsl.com\/wp-content\/uploads\/2023\/07\/Logo-ISO-SRC-2011_con_mensaje-e1689883905291-6x12.jpg 6w\" sizes=\"(max-width: 123px) 100vw, 123px\" \/>La durabilit\u00e9 et la fiabilit\u00e9 de nos produits sont le r\u00e9sultat de notre souci constant du <b>gestion optimale de la qualit\u00e9<\/b>\u00a0dans nos processus.<\/p><p>Gr\u00e2ce \u00e0 nos programmes <b>contr\u00f4le continu en cours de processus<\/b>, <b>ing\u00e9nierie avanc\u00e9e <\/b>et notre respect des <b>les bonnes pratiques<\/b> Professionnels de nos installations, toutes les op\u00e9rations de production de capteurs et de syst\u00e8mes sont revues avec un syst\u00e8me d&#039;assurance qualit\u00e9, certifi\u00e9 aux normes <b>ISO 9001:2015<\/b>. De plus, ils sont continuellement soumis \u00e0 des examens par des auditeurs qualit\u00e9 internes et des agences d&#039;approbation externes.<\/p>\t\t\t\t\t\t\t\t<\/div>\n\t\t\t\t<\/div>\n\t\t\t\t\t<\/div>\n\t\t<\/div>\n\t\t\t\t<div class=\"elementor-column elementor-col-50 elementor-top-column elementor-element elementor-element-c2fca18\" data-id=\"c2fca18\" data-element_type=\"column\" data-e-type=\"column\">\n\t\t\t<div class=\"elementor-widget-wrap elementor-element-populated\">\n\t\t\t\t\t\t<div class=\"elementor-element elementor-element-201a7f7 elementor-widget elementor-widget-heading\" data-id=\"201a7f7\" data-element_type=\"widget\" data-e-type=\"widget\" data-widget_type=\"heading.default\">\n\t\t\t\t<div class=\"elementor-widget-container\">\n\t\t\t\t\t<h3 class=\"elementor-heading-title elementor-size-large\">T\u00c9L\u00c9CHARGEMENTS<\/h3>\t\t\t\t<\/div>\n\t\t\t\t<\/div>\n\t\t\t\t<div class=\"elementor-element elementor-element-e614291 elementor-align-center elementor-widget elementor-widget-button\" data-id=\"e614291\" data-element_type=\"widget\" data-e-type=\"widget\" data-widget_type=\"button.default\">\n\t\t\t\t<div class=\"elementor-widget-container\">\n\t\t\t\t\t\t\t\t\t<div class=\"elementor-button-wrapper\">\n\t\t\t\t\t<a class=\"elementor-button elementor-button-link elementor-size-sm\" href=\"https:\/\/srcsl.com\/catalogoPDFs\/Calidad\/Politica_de_calidad_SRC.pdf\" target=\"_blank\">\n\t\t\t\t\t\t<span class=\"elementor-button-content-wrapper\">\n\t\t\t\t\t\t\t\t\t<span class=\"elementor-button-text\">Politique qualit\u00e9 SRC<\/span>\n\t\t\t\t\t<\/span>\n\t\t\t\t\t<\/a>\n\t\t\t\t<\/div>\n\t\t\t\t\t\t\t\t<\/div>\n\t\t\t\t<\/div>\n\t\t\t\t<div class=\"elementor-element elementor-element-7ebead3 elementor-align-center elementor-widget elementor-widget-button\" data-id=\"7ebead3\" data-element_type=\"widget\" data-e-type=\"widget\" data-widget_type=\"button.default\">\n\t\t\t\t<div class=\"elementor-widget-container\">\n\t\t\t\t\t\t\t\t\t<div class=\"elementor-button-wrapper\">\n\t\t\t\t\t<a class=\"elementor-button elementor-button-link elementor-size-sm\" href=\"https:\/\/srcsl.com\/wp-content\/uploads\/2023\/07\/SRC_Certificado_ISO90012015_2023_a_2026_Espanol.pdf\" target=\"_blank\">\n\t\t\t\t\t\t<span class=\"elementor-button-content-wrapper\">\n\t\t\t\t\t\t\t\t\t<span class=\"elementor-button-text\">Certificat ISO 9001-2015 (espagnol)<\/span>\n\t\t\t\t\t<\/span>\n\t\t\t\t\t<\/a>\n\t\t\t\t<\/div>\n\t\t\t\t\t\t\t\t<\/div>\n\t\t\t\t<\/div>\n\t\t\t\t<div class=\"elementor-element elementor-element-ee6a689 elementor-align-center elementor-widget elementor-widget-button\" data-id=\"ee6a689\" data-element_type=\"widget\" data-e-type=\"widget\" data-widget_type=\"button.default\">\n\t\t\t\t<div class=\"elementor-widget-container\">\n\t\t\t\t\t\t\t\t\t<div class=\"elementor-button-wrapper\">\n\t\t\t\t\t<a class=\"elementor-button elementor-button-link elementor-size-sm\" href=\"https:\/\/srcsl.com\/wp-content\/uploads\/2023\/07\/SRC_Certificado_ISO90012015_2023_a_2026_ingles.pdf\" target=\"_blank\">\n\t\t\t\t\t\t<span class=\"elementor-button-content-wrapper\">\n\t\t\t\t\t\t\t\t\t<span class=\"elementor-button-text\">Certificat ISO 9001-2015 (anglais)<\/span>\n\t\t\t\t\t<\/span>\n\t\t\t\t\t<\/a>\n\t\t\t\t<\/div>\n\t\t\t\t\t\t\t\t<\/div>\n\t\t\t\t<\/div>\n\t\t\t\t\t<\/div>\n\t\t<\/div>\n\t\t\t\t\t<\/div>\n\t\t<\/section>\n\t\t\t\t<section class=\"elementor-section elementor-top-section elementor-element elementor-element-055b7a4 elementor-section-boxed elementor-section-height-default elementor-section-height-default\" data-id=\"055b7a4\" data-element_type=\"section\" data-e-type=\"section\">\n\t\t\t\t\t\t<div class=\"elementor-container elementor-column-gap-default\">\n\t\t\t\t\t<div class=\"elementor-column elementor-col-100 elementor-top-column elementor-element elementor-element-60144d2\" data-id=\"60144d2\" data-element_type=\"column\" data-e-type=\"column\">\n\t\t\t<div class=\"elementor-widget-wrap elementor-element-populated\">\n\t\t\t\t\t\t<div class=\"elementor-element elementor-element-7c30917 elementor-widget elementor-widget-text-editor\" data-id=\"7c30917\" data-element_type=\"widget\" data-e-type=\"widget\" data-widget_type=\"text-editor.default\">\n\t\t\t\t<div class=\"elementor-widget-container\">\n\t\t\t\t\t\t\t\t\t<p>Pour nous, s&#039;adapter au <b>exigences de nos clients<\/b>\u00a0comme le <b>normes internationales<\/b> Ils sont obligatoires.\u00a0<\/p><p>C&#039;est pour cette raison que nous respectons toutes les r\u00e9glementations lors de la production de nos capteurs de temp\u00e9rature et de nos \u00e9quipements \u00e9lectroniques.<\/p><p>Dans <b>SRC <\/b>Nous sommes tr\u00e8s fiers de notre personnel, toujours motiv\u00e9 et hautement qualifi\u00e9, sp\u00e9cialis\u00e9 et exp\u00e9riment\u00e9.\u00a0<\/p><p>Notre d\u00e9vouement et notre connaissance approfondie des processus de travail de nos clients nous permettent d&#039;offrir <b>produits de haute qualit\u00e9 et solutions sp\u00e9cialis\u00e9es et personnalis\u00e9es<\/b>.\u00a0<\/p><p>Des solutions flexibles et sur mesure sp\u00e9cialement con\u00e7ues pour fournir des performances \u00e9lev\u00e9es, m\u00eame dans les conditions les plus d\u00e9favorables.<\/p>\t\t\t\t\t\t\t\t<\/div>\n\t\t\t\t<\/div>\n\t\t\t\t\t<\/div>\n\t\t<\/div>\n\t\t\t\t\t<\/div>\n\t\t<\/section>\n\t\t\t\t<section class=\"elementor-section elementor-top-section elementor-element elementor-element-49b16430 elementor-section-boxed elementor-section-height-default elementor-section-height-default\" data-id=\"49b16430\" data-element_type=\"section\" data-e-type=\"section\">\n\t\t\t\t\t\t<div class=\"elementor-container elementor-column-gap-default\">\n\t\t\t\t\t<div class=\"elementor-column elementor-col-100 elementor-top-column elementor-element elementor-element-d63c5d4\" data-id=\"d63c5d4\" data-element_type=\"column\" data-e-type=\"column\">\n\t\t\t<div class=\"elementor-widget-wrap elementor-element-populated\">\n\t\t\t\t\t\t<div class=\"elementor-element elementor-element-5370f2dd elementor-widget elementor-widget-heading\" data-id=\"5370f2dd\" data-element_type=\"widget\" data-e-type=\"widget\" data-widget_type=\"heading.default\">\n\t\t\t\t<div class=\"elementor-widget-container\">\n\t\t\t\t\t<h2 class=\"elementor-heading-title elementor-size-large\">AVEZ-VOUS BESOIN DE CONSEILS SP\u00c9CIALIS\u00c9S ?<\/h2>\t\t\t\t<\/div>\n\t\t\t\t<\/div>\n\t\t\t\t<div class=\"elementor-element elementor-element-55d37015 elementor-widget elementor-widget-text-editor\" data-id=\"55d37015\" data-element_type=\"widget\" data-e-type=\"widget\" data-widget_type=\"text-editor.default\">\n\t\t\t\t<div class=\"elementor-widget-container\">\n\t\t\t\t\t\t\t\t\t<p style=\"font-weight: 400; text-align: center;\">\u00a0Envoyez-nous un courriel avec votre demande et notre service technique vous contactera dans les plus brefs d\u00e9lais.<\/p>\t\t\t\t\t\t\t\t<\/div>\n\t\t\t\t<\/div>\n\t\t\t\t<div class=\"elementor-element elementor-element-1a912694 elementor-align-center elementor-widget elementor-widget-button\" data-id=\"1a912694\" data-element_type=\"widget\" data-e-type=\"widget\" data-widget_type=\"button.default\">\n\t\t\t\t<div class=\"elementor-widget-container\">\n\t\t\t\t\t\t\t\t\t<div class=\"elementor-button-wrapper\">\n\t\t\t\t\t<a class=\"elementor-button elementor-button-link elementor-size-sm\" href=\"mailto:consultas@srcsl.com\">\n\t\t\t\t\t\t<span class=\"elementor-button-content-wrapper\">\n\t\t\t\t\t\t\t\t\t<span class=\"elementor-button-text\">ENVOYER UNE DEMANDE<\/span>\n\t\t\t\t\t<\/span>\n\t\t\t\t\t<\/a>\n\t\t\t\t<\/div>\n\t\t\t\t\t\t\t\t<\/div>\n\t\t\t\t<\/div>\n\t\t\t\t\t<\/div>\n\t\t<\/div>\n\t\t\t\t\t<\/div>\n\t\t<\/section>\n\t\t\t\t<\/div>","protected":false},"excerpt":{"rendered":"<p>CALIDAD CALIDAD GARANTIZADA La durabilidad y fiabilidad de nuestros productos es el resultado de nuestra constante preocupaci\u00f3n por la gesti\u00f3n optima de calidad\u00a0en nuestros procesos. Gracias a nuestros programas de control continuo en proceso, ingenier\u00eda avanzada y nuestro cumplimiento de las buenas pr\u00e1cticas profesionales en nuestras instalaciones, todas las operaciones de producci\u00f3n de sensores y [&hellip;]<\/p>\n","protected":false},"author":1,"featured_media":3097,"parent":1190,"menu_order":4,"comment_status":"closed","ping_status":"closed","template":"","meta":{"_uf_show_specific_survey":0,"_uf_disable_surveys":false,"site-sidebar-layout":"no-sidebar","site-content-layout":"page-builder","ast-site-content-layout":"full-width-container","site-content-style":"unboxed","site-sidebar-style":"unboxed","ast-global-header-display":"","ast-banner-title-visibility":"","ast-main-header-display":"","ast-hfb-above-header-display":"","ast-hfb-below-header-display":"","ast-hfb-mobile-header-display":"","site-post-title":"disabled","ast-breadcrumbs-content":"","ast-featured-img":"disabled","footer-sml-layout":"","ast-disable-related-posts":"","theme-transparent-header-meta":"default","adv-header-id-meta":"","stick-header-meta":"default","header-above-stick-meta":"","header-main-stick-meta":"","header-below-stick-meta":"","astra-migrate-meta-layouts":"set","ast-page-background-enabled":"default","ast-page-background-meta":{"desktop":{"background-color":"","background-image":"","background-repeat":"repeat","background-position":"center center","background-size":"auto","background-attachment":"scroll","background-type":"","background-media":"","overlay-type":"","overlay-color":"","overlay-opacity":"","overlay-gradient":""},"tablet":{"background-color":"","background-image":"","background-repeat":"repeat","background-position":"center center","background-size":"auto","background-attachment":"scroll","background-type":"","background-media":"","overlay-type":"","overlay-color":"","overlay-opacity":"","overlay-gradient":""},"mobile":{"background-color":"","background-image":"","background-repeat":"repeat","background-position":"center center","background-size":"auto","background-attachment":"scroll","background-type":"","background-media":"","overlay-type":"","overlay-color":"","overlay-opacity":"","overlay-gradient":""}},"ast-content-background-meta":{"desktop":{"background-color":"var(--ast-global-color-5)","background-image":"","background-repeat":"repeat","background-position":"center center","background-size":"auto","background-attachment":"scroll","background-type":"","background-media":"","overlay-type":"","overlay-color":"","overlay-opacity":"","overlay-gradient":""},"tablet":{"background-color":"var(--ast-global-color-5)","background-image":"","background-repeat":"repeat","background-position":"center center","background-size":"auto","background-attachment":"scroll","background-type":"","background-media":"","overlay-type":"","overlay-color":"","overlay-opacity":"","overlay-gradient":""},"mobile":{"background-color":"var(--ast-global-color-5)","background-image":"","background-repeat":"repeat","background-position":"center center","background-size":"auto","background-attachment":"scroll","background-type":"","background-media":"","overlay-type":"","overlay-color":"","overlay-opacity":"","overlay-gradient":""}},"footnotes":""},"class_list":["post-1192","page","type-page","status-publish","has-post-thumbnail","hentry"],"yoast_head":"<!-- This site is optimized with the Yoast SEO plugin v27.4 - https:\/\/yoast.com\/product\/yoast-seo-wordpress\/ -->\n<title>Especialistas en regulaci\u00f3n de temperatura y calibraci\u00f3n de sistemas<\/title>\n<meta name=\"description\" content=\"Especialistas en regulaci\u00f3n de temperatura y calibraci\u00f3n de sistemas. SRC, fundada en 1979, le ofrece un amplio cat\u00e1logo y servicios a medida.\" \/>\n<meta name=\"robots\" content=\"index, follow, max-snippet:-1, max-image-preview:large, max-video-preview:-1\" \/>\n<link rel=\"canonical\" href=\"https:\/\/srcsl.com\/fr\/entreprise\/qualite\/\" \/>\n<meta property=\"og:locale\" content=\"fr_FR\" \/>\n<meta property=\"og:type\" content=\"article\" \/>\n<meta property=\"og:title\" content=\"Especialistas en regulaci\u00f3n de temperatura y calibraci\u00f3n de sistemas\" \/>\n<meta property=\"og:description\" content=\"Especialistas en regulaci\u00f3n de temperatura y calibraci\u00f3n de sistemas. SRC, fundada en 1979, le ofrece un amplio cat\u00e1logo y servicios a medida.\" \/>\n<meta property=\"og:url\" content=\"https:\/\/srcsl.com\/fr\/entreprise\/qualite\/\" \/>\n<meta property=\"og:site_name\" content=\"SRC - Sistemas de regulaci\u00f3n y control\" \/>\n<meta property=\"article:modified_time\" content=\"2026-02-09T08:58:26+00:00\" \/>\n<meta property=\"og:image\" content=\"https:\/\/srcsl.com\/wp-content\/uploads\/2023\/06\/image.png\" \/>\n\t<meta property=\"og:image:width\" content=\"198\" \/>\n\t<meta property=\"og:image:height\" content=\"280\" \/>\n\t<meta property=\"og:image:type\" content=\"image\/png\" \/>\n<meta name=\"twitter:card\" content=\"summary_large_image\" \/>\n<script type=\"application\/ld+json\" class=\"yoast-schema-graph\">{\"@context\":\"https:\\\/\\\/schema.org\",\"@graph\":[{\"@type\":\"WebPage\",\"@id\":\"https:\\\/\\\/srcsl.com\\\/fr\\\/empresa\\\/calidad\\\/\",\"url\":\"https:\\\/\\\/srcsl.com\\\/fr\\\/empresa\\\/calidad\\\/\",\"name\":\"Especialistas en regulaci\u00f3n de temperatura y calibraci\u00f3n de sistemas\",\"isPartOf\":{\"@id\":\"https:\\\/\\\/srcsl.com\\\/fr\\\/#website\"},\"primaryImageOfPage\":{\"@id\":\"https:\\\/\\\/srcsl.com\\\/fr\\\/empresa\\\/calidad\\\/#primaryimage\"},\"image\":{\"@id\":\"https:\\\/\\\/srcsl.com\\\/fr\\\/empresa\\\/calidad\\\/#primaryimage\"},\"thumbnailUrl\":\"https:\\\/\\\/srcsl.com\\\/wp-content\\\/uploads\\\/2023\\\/06\\\/image.png\",\"datePublished\":\"2023-05-04T11:02:58+00:00\",\"dateModified\":\"2026-02-09T08:58:26+00:00\",\"description\":\"Especialistas en regulaci\u00f3n de temperatura y calibraci\u00f3n de sistemas. SRC, fundada en 1979, le ofrece un amplio cat\u00e1logo y servicios a medida.\",\"breadcrumb\":{\"@id\":\"https:\\\/\\\/srcsl.com\\\/fr\\\/empresa\\\/calidad\\\/#breadcrumb\"},\"inLanguage\":\"fr-FR\",\"potentialAction\":[{\"@type\":\"ReadAction\",\"target\":[\"https:\\\/\\\/srcsl.com\\\/fr\\\/empresa\\\/calidad\\\/\"]}]},{\"@type\":\"ImageObject\",\"inLanguage\":\"fr-FR\",\"@id\":\"https:\\\/\\\/srcsl.com\\\/fr\\\/empresa\\\/calidad\\\/#primaryimage\",\"url\":\"https:\\\/\\\/srcsl.com\\\/wp-content\\\/uploads\\\/2023\\\/06\\\/image.png\",\"contentUrl\":\"https:\\\/\\\/srcsl.com\\\/wp-content\\\/uploads\\\/2023\\\/06\\\/image.png\",\"width\":198,\"height\":280,\"caption\":\"Certificado\"},{\"@type\":\"BreadcrumbList\",\"@id\":\"https:\\\/\\\/srcsl.com\\\/fr\\\/empresa\\\/calidad\\\/#breadcrumb\",\"itemListElement\":[{\"@type\":\"ListItem\",\"position\":1,\"name\":\"Home\",\"item\":\"https:\\\/\\\/srcsl.com\\\/\"},{\"@type\":\"ListItem\",\"position\":2,\"name\":\"Empresa\",\"item\":\"https:\\\/\\\/srcsl.com\\\/empresa\\\/\"},{\"@type\":\"ListItem\",\"position\":3,\"name\":\"Calidad\"}]},{\"@type\":\"WebSite\",\"@id\":\"https:\\\/\\\/srcsl.com\\\/fr\\\/#website\",\"url\":\"https:\\\/\\\/srcsl.com\\\/fr\\\/\",\"name\":\"SRC - Sistemas de regulaci\u00f3n y control\",\"description\":\"Especialistas en regulaci\u00f3n y control de temperatura\",\"publisher\":{\"@id\":\"https:\\\/\\\/srcsl.com\\\/fr\\\/#organization\"},\"potentialAction\":[{\"@type\":\"SearchAction\",\"target\":{\"@type\":\"EntryPoint\",\"urlTemplate\":\"https:\\\/\\\/srcsl.com\\\/fr\\\/?s={search_term_string}\"},\"query-input\":{\"@type\":\"PropertyValueSpecification\",\"valueRequired\":true,\"valueName\":\"search_term_string\"}}],\"inLanguage\":\"fr-FR\"},{\"@type\":\"Organization\",\"@id\":\"https:\\\/\\\/srcsl.com\\\/fr\\\/#organization\",\"name\":\"SRC - Sistemas de regulaci\u00f3n y control\",\"url\":\"https:\\\/\\\/srcsl.com\\\/fr\\\/\",\"logo\":{\"@type\":\"ImageObject\",\"inLanguage\":\"fr-FR\",\"@id\":\"https:\\\/\\\/srcsl.com\\\/fr\\\/#\\\/schema\\\/logo\\\/image\\\/\",\"url\":\"https:\\\/\\\/srcsl.com\\\/wp-content\\\/uploads\\\/2019\\\/01\\\/favicon.png\",\"contentUrl\":\"https:\\\/\\\/srcsl.com\\\/wp-content\\\/uploads\\\/2019\\\/01\\\/favicon.png\",\"width\":162,\"height\":154,\"caption\":\"SRC - Sistemas de regulaci\u00f3n y control\"},\"image\":{\"@id\":\"https:\\\/\\\/srcsl.com\\\/fr\\\/#\\\/schema\\\/logo\\\/image\\\/\"}}]}<\/script>\n<!-- \/ Yoast SEO plugin. -->","yoast_head_json":{"title":"Sp\u00e9cialistes de la r\u00e9gulation de temp\u00e9rature et de l&#039;\u00e9talonnage de syst\u00e8mes","description":"Sp\u00e9cialistes de la r\u00e9gulation de temp\u00e9rature et de l&#039;\u00e9talonnage des syst\u00e8mes. SRC, fond\u00e9e en 1979, vous propose un large catalogue et des services personnalis\u00e9s.","robots":{"index":"index","follow":"follow","max-snippet":"max-snippet:-1","max-image-preview":"max-image-preview:large","max-video-preview":"max-video-preview:-1"},"canonical":"https:\/\/srcsl.com\/fr\/entreprise\/qualite\/","og_locale":"fr_FR","og_type":"article","og_title":"Especialistas en regulaci\u00f3n de temperatura y calibraci\u00f3n de sistemas","og_description":"Especialistas en regulaci\u00f3n de temperatura y calibraci\u00f3n de sistemas. SRC, fundada en 1979, le ofrece un amplio cat\u00e1logo y servicios a medida.","og_url":"https:\/\/srcsl.com\/fr\/entreprise\/qualite\/","og_site_name":"SRC - Sistemas de regulaci\u00f3n y control","article_modified_time":"2026-02-09T08:58:26+00:00","og_image":[{"width":198,"height":280,"url":"https:\/\/srcsl.com\/wp-content\/uploads\/2023\/06\/image.png","type":"image\/png"}],"twitter_card":"summary_large_image","schema":{"@context":"https:\/\/schema.org","@graph":[{"@type":"WebPage","@id":"https:\/\/srcsl.com\/fr\/empresa\/calidad\/","url":"https:\/\/srcsl.com\/fr\/empresa\/calidad\/","name":"Sp\u00e9cialistes de la r\u00e9gulation de temp\u00e9rature et de l&#039;\u00e9talonnage de syst\u00e8mes","isPartOf":{"@id":"https:\/\/srcsl.com\/fr\/#website"},"primaryImageOfPage":{"@id":"https:\/\/srcsl.com\/fr\/empresa\/calidad\/#primaryimage"},"image":{"@id":"https:\/\/srcsl.com\/fr\/empresa\/calidad\/#primaryimage"},"thumbnailUrl":"https:\/\/srcsl.com\/wp-content\/uploads\/2023\/06\/image.png","datePublished":"2023-05-04T11:02:58+00:00","dateModified":"2026-02-09T08:58:26+00:00","description":"Sp\u00e9cialistes de la r\u00e9gulation de temp\u00e9rature et de l&#039;\u00e9talonnage des syst\u00e8mes. SRC, fond\u00e9e en 1979, vous propose un large catalogue et des services personnalis\u00e9s.","breadcrumb":{"@id":"https:\/\/srcsl.com\/fr\/empresa\/calidad\/#breadcrumb"},"inLanguage":"fr-FR","potentialAction":[{"@type":"ReadAction","target":["https:\/\/srcsl.com\/fr\/empresa\/calidad\/"]}]},{"@type":"ImageObject","inLanguage":"fr-FR","@id":"https:\/\/srcsl.com\/fr\/empresa\/calidad\/#primaryimage","url":"https:\/\/srcsl.com\/wp-content\/uploads\/2023\/06\/image.png","contentUrl":"https:\/\/srcsl.com\/wp-content\/uploads\/2023\/06\/image.png","width":198,"height":280,"caption":"Certificado"},{"@type":"BreadcrumbList","@id":"https:\/\/srcsl.com\/fr\/empresa\/calidad\/#breadcrumb","itemListElement":[{"@type":"ListItem","position":1,"name":"Home","item":"https:\/\/srcsl.com\/"},{"@type":"ListItem","position":2,"name":"Empresa","item":"https:\/\/srcsl.com\/empresa\/"},{"@type":"ListItem","position":3,"name":"Calidad"}]},{"@type":"WebSite","@id":"https:\/\/srcsl.com\/fr\/#website","url":"https:\/\/srcsl.com\/fr\/","name":"SRC - Sistemas de regulaci\u00f3n y control","description":"Sp\u00e9cialistes de la r\u00e9gulation et du contr\u00f4le de temp\u00e9rature","publisher":{"@id":"https:\/\/srcsl.com\/fr\/#organization"},"potentialAction":[{"@type":"SearchAction","target":{"@type":"EntryPoint","urlTemplate":"https:\/\/srcsl.com\/fr\/?s={search_term_string}"},"query-input":{"@type":"PropertyValueSpecification","valueRequired":true,"valueName":"search_term_string"}}],"inLanguage":"fr-FR"},{"@type":"Organization","@id":"https:\/\/srcsl.com\/fr\/#organization","name":"SRC - Sistemas de regulaci\u00f3n y control","url":"https:\/\/srcsl.com\/fr\/","logo":{"@type":"ImageObject","inLanguage":"fr-FR","@id":"https:\/\/srcsl.com\/fr\/#\/schema\/logo\/image\/","url":"https:\/\/srcsl.com\/wp-content\/uploads\/2019\/01\/favicon.png","contentUrl":"https:\/\/srcsl.com\/wp-content\/uploads\/2019\/01\/favicon.png","width":162,"height":154,"caption":"SRC - Sistemas de regulaci\u00f3n y control"},"image":{"@id":"https:\/\/srcsl.com\/fr\/#\/schema\/logo\/image\/"}}]}},"_links":{"self":[{"href":"https:\/\/srcsl.com\/fr\/wp-json\/wp\/v2\/pages\/1192","targetHints":{"allow":["GET"]}}],"collection":[{"href":"https:\/\/srcsl.com\/fr\/wp-json\/wp\/v2\/pages"}],"about":[{"href":"https:\/\/srcsl.com\/fr\/wp-json\/wp\/v2\/types\/page"}],"author":[{"embeddable":true,"href":"https:\/\/srcsl.com\/fr\/wp-json\/wp\/v2\/users\/1"}],"replies":[{"embeddable":true,"href":"https:\/\/srcsl.com\/fr\/wp-json\/wp\/v2\/comments?post=1192"}],"version-history":[{"count":273,"href":"https:\/\/srcsl.com\/fr\/wp-json\/wp\/v2\/pages\/1192\/revisions"}],"predecessor-version":[{"id":15691,"href":"https:\/\/srcsl.com\/fr\/wp-json\/wp\/v2\/pages\/1192\/revisions\/15691"}],"up":[{"embeddable":true,"href":"https:\/\/srcsl.com\/fr\/wp-json\/wp\/v2\/pages\/1190"}],"wp:featuredmedia":[{"embeddable":true,"href":"https:\/\/srcsl.com\/fr\/wp-json\/wp\/v2\/media\/3097"}],"wp:attachment":[{"href":"https:\/\/srcsl.com\/fr\/wp-json\/wp\/v2\/media?parent=1192"}],"curies":[{"name":"wp","href":"https:\/\/api.w.org\/{rel}","templated":true}]}}