{"id":88,"date":"2023-03-01T14:03:52","date_gmt":"2023-03-01T13:03:52","guid":{"rendered":"https:\/\/srcsl.com\/politica-de-cookies\/"},"modified":"2025-03-26T11:14:23","modified_gmt":"2025-03-26T10:14:23","slug":"cookieen-politika","status":"publish","type":"page","link":"https:\/\/srcsl.com\/eu\/politica-de-cookies\/","title":{"rendered":"Cookieen politika"},"content":{"rendered":"<div data-elementor-type=\"wp-page\" data-elementor-id=\"88\" class=\"elementor elementor-88\" data-elementor-post-type=\"page\">\n\t\t\t\t\t\t<section class=\"elementor-section elementor-top-section elementor-element elementor-element-7fec2296 elementor-section-boxed elementor-section-height-default elementor-section-height-default\" data-id=\"7fec2296\" data-element_type=\"section\" data-e-type=\"section\">\n\t\t\t\t\t\t<div class=\"elementor-container elementor-column-gap-default\">\n\t\t\t\t\t<div class=\"elementor-column elementor-col-100 elementor-top-column elementor-element elementor-element-5a253539\" data-id=\"5a253539\" data-element_type=\"column\" data-e-type=\"column\">\n\t\t\t<div class=\"elementor-widget-wrap elementor-element-populated\">\n\t\t\t\t\t\t<div class=\"elementor-element elementor-element-e1e0670 elementor-widget elementor-widget-heading\" data-id=\"e1e0670\" data-element_type=\"widget\" data-e-type=\"widget\" data-widget_type=\"heading.default\">\n\t\t\t\t<div class=\"elementor-widget-container\">\n\t\t\t\t\t<h2 class=\"elementor-heading-title elementor-size-default\">Cookieen politika<\/h2>\t\t\t\t<\/div>\n\t\t\t\t<\/div>\n\t\t\t\t<div class=\"elementor-element elementor-element-47b90704 elementor-widget elementor-widget-text-editor\" data-id=\"47b90704\" data-element_type=\"widget\" data-e-type=\"widget\" data-widget_type=\"text-editor.default\">\n\t\t\t\t<div class=\"elementor-widget-container\">\n\t\t\t\t\t\t\t\t\t<p>Webgune honek cookieak erabiltzen ditu. Hemen azaltzen dugu zer diren cookieak eta nola erabiltzen ditugun gure webgunean. Edonoiz alda ditzakezu cookieen hobespenak:<\/p><p><a href=\"#\" class=\"_brlbs-btn-cookie-preference borlabs-cookie-preference\">Cookieen hobespenak<\/a><\/p><hr \/><p>Informazioaren Gizartearen eta Merkataritza Elektronikoaren Zerbitzuei buruzko uztailaren 11ko 34\/2002 Legea betez, jakinarazten dizugu webgune honek, Interneteko gune gehienek bezala, Cookieak erabiltzen dituela erabiltzailearen esperientzia hobetzeko eta optimizatzeko.<\/p><p>Jarraian, cookieak zer diren, zer motatako webgune honek erabiltzen duen, zure cookieen ezarpenak nola aldatu eta cookieak desgaitzen badituzu zer gertatzen den aurkituko duzu.<\/p><h4>Zer dira Cookieak?<\/h4><p>Cookie bat erabiltzailearen ordenagailura deskargatzen den fitxategi txiki bat da, datuak gordetzeko, eta bere instalazioaz arduratzen den erakundeak eguneratu eta berreskuratu dezake.<\/p><h4>Zein cookie mota erabiltzen ditu webgune honek?<\/h4><p>Jarraian, webgune honetan erabiltzen diren Cookieekin taula bat dago. Dagokion politiketan cookie-politika honetan identifikatutako hirugarrenek egiten dituzten hirugarren herrialdeetara egindako transferentziak ezagutu ditzakezu.<\/p><p><div class=\"BorlabsCookie\"><h3 class=\"_brlbs _brlbs-cg-essential\">Ezinbestekoa<\/h3><p class=\"_brlbs _brlbs-cg-essential\">Funtsezko cookieek oinarrizko funtzioak ahalbidetzen dituzte eta beharrezkoak dira webguneak behar bezala funtzionatzeko.<\/p><h4 class=\"_brlbs _brlbs-c-borlabs-cookie\">Borlabs Cookie<\/h4><div class=\"_brlbs-responsive-table\"><table class=\"_brlbs _brlbs-c-borlabs-cookie\"><tr><th scope=\"row\">Izena<\/th><td>Borlabs Cookie<\/td><\/tr><tr><th scope=\"row\">Hornitzailea<\/th><td>Webgune honen jabea<span>, <\/span><a href=\"https:\/\/srcsl.com\/aviso-legal\/\">Lege abisua<\/a><\/td><\/tr><tr><th scope=\"row\">Helburua<\/th><td>Hautatutako bisitarien hobespenak gordetzen ditu Borlabs Cookie Cookie Box-en.<\/td><\/tr><tr><th scope=\"row\">Cookiearen izena<\/th><td>borlabs-cookie<\/td><\/tr><tr><th scope=\"row\">Cookie iraungitzea<\/th><td>1 urte<\/td><\/tr><\/table><\/div><h3 class=\"_brlbs _brlbs-cg-statistics\">Estatistikak<\/h3><p class=\"_brlbs _brlbs-cg-statistics\">Estatistika cookieek informazioa modu anonimoan biltzen dute. Informazio honek gure bisitariek gure webgunea nola erabiltzen duten ulertzen laguntzen digu.<\/p><h4 class=\"_brlbs _brlbs-c-google-tag-manager\">Google Tag Manager<\/h4><div class=\"_brlbs-responsive-table\"><table class=\"_brlbs _brlbs-c-google-tag-manager\"><tr><th scope=\"row\">Izena<\/th><td>Google Tag Manager<\/td><\/tr><tr><th scope=\"row\">Hornitzailea<\/th><td>Google Ireland Limited, Gordon House, Barrow Street, Dublin 4, Irlanda<\/td><\/tr><tr><th scope=\"row\">Helburua<\/th><td>Google cookiea script eta gertaeren kudeaketa aurreratuak kontrolatzeko erabiltzen da.<\/td><\/tr><tr><th scope=\"row\">Pribatutasun politika<\/th><td><a href=\"https:\/\/policies.google.com\/privacy?hl=en\" target=\"_blank\" rel=\"nofollow noopener noreferrer\">https:\/\/policies.google.com\/privacy?hl=en<\/a><\/td><\/tr><tr><th scope=\"row\">Cookiearen izena<\/th><td>_ga,_gat,_gid<\/td><\/tr><tr><th scope=\"row\">Cookie iraungitzea<\/th><td>2 urte<\/td><\/tr><\/table><\/div><h3 class=\"_brlbs _brlbs-cg-marketing\">Marketina<\/h3><p class=\"_brlbs _brlbs-cg-marketing\">Marketin cookieak hirugarrenen iragarle edo argitaletxeek erabiltzen dituzte iragarki pertsonalizatuak erakusteko. Hori egiten dute bisitarien jarraipena webguneetan zehar.<\/p><h4 class=\"_brlbs _brlbs-c-google-ads\">Google Ads<\/h4><div class=\"_brlbs-responsive-table\"><table class=\"_brlbs _brlbs-c-google-ads\"><tr><th scope=\"row\">Izena<\/th><td>Google Ads<\/td><\/tr><tr><th scope=\"row\">Hornitzailea<\/th><td>Google Ireland Limited, Gordon House, Barrow Street, Dublin 4, Irlanda<\/td><\/tr><tr><th scope=\"row\">Helburua<\/th><td>Google iragarkien bihurketaren jarraipena egiteko erabiltzen den Google cookiea.<\/td><\/tr><tr><th scope=\"row\">Pribatutasun politika<\/th><td><a href=\"https:\/\/policies.google.com\/privacy?hl=en\" target=\"_blank\" rel=\"nofollow noopener noreferrer\">https:\/\/policies.google.com\/privacy?hl=en<\/a><\/td><\/tr><\/table><\/div><h3 class=\"_brlbs _brlbs-cg-external-media\">kanpoko komunikabideak<\/h3><p class=\"_brlbs _brlbs-cg-external-media\">Bideo plataformetako eta sare sozialetako plataformetako edukia lehenespenez blokeatuta dago. Kanpoko euskarrietako cookieak onartzen badira, eduki horietarako sarbideak ez du eskuzko baimenik behar.<\/p><h4 class=\"_brlbs _brlbs-c-googlemaps\">Google Maps<\/h4><div class=\"_brlbs-responsive-table\"><table class=\"_brlbs _brlbs-c-googlemaps\"><tr><th scope=\"row\">Izena<\/th><td>Google Maps<\/td><\/tr><tr><th scope=\"row\">Hornitzailea<\/th><td>Google Ireland Limited, Gordon House, Barrow Street, Dublin 4, Irlanda<\/td><\/tr><tr><th scope=\"row\">Helburua<\/th><td>Google Maps-en edukia desblokeatzeko erabiltzen da.<\/td><\/tr><tr><th scope=\"row\">Pribatutasun politika<\/th><td><a href=\"https:\/\/policies.google.com\/privacy?hl=enl=en\" target=\"_blank\" rel=\"nofollow noopener noreferrer\">https:\/\/policies.google.com\/privacy?hl=enl=en<\/a><\/td><\/tr><tr><th scope=\"row\">Ostalaria(k)<\/th><td>.Google com<\/td><\/tr><tr><th scope=\"row\">Cookiearen izena<\/th><td>NID<\/td><\/tr><tr><th scope=\"row\">Cookie iraungitzea<\/th><td>6 hilabete<\/td><\/tr><\/table><\/div><h4 class=\"_brlbs _brlbs-c-youtube\">Youtube<\/h4><div class=\"_brlbs-responsive-table\"><table class=\"_brlbs _brlbs-c-youtube\"><tr><th scope=\"row\">Izena<\/th><td>Youtube<\/td><\/tr><tr><th scope=\"row\">Hornitzailea<\/th><td>Google Ireland Limited, Gordon House, Barrow Street, Dublin 4, Irlanda<\/td><\/tr><tr><th scope=\"row\">Helburua<\/th><td>YouTube edukia desblokeatzeko erabiltzen da.<\/td><\/tr><tr><th scope=\"row\">Pribatutasun politika<\/th><td><a href=\"https:\/\/policies.google.com\/privacy?hl=enl=en\" target=\"_blank\" rel=\"nofollow noopener noreferrer\">https:\/\/policies.google.com\/privacy?hl=enl=en<\/a><\/td><\/tr><tr><th scope=\"row\">Ostalaria(k)<\/th><td>Google com<\/td><\/tr><tr><th scope=\"row\">Cookiearen izena<\/th><td>NID<\/td><\/tr><tr><th scope=\"row\">Cookie iraungitzea<\/th><td>6 hilabete<\/td><\/tr><\/table><\/div><\/div><\/p><h4>Nola konfigura ditzakezu zure Cookieak?<\/h4><p>Gure webgunean nabigatuz eta jarraituz gero, Cookieak erabiltzeko baimena emango duzu Cookie Politika honetan jasotako baldintzetan. Erabiltzaile gisa, Cookieen erabilera blokeatzeko, ezabatzeko eta ukatzeko eskubidea erabiltzeko aukera duzu, edozein unetan, zure nabigatzailearen aukerak aldatuz.<\/p><p>Adibidez:<\/p><ol><li>Internet Explorer: Tresnak&gt; Internet Aukerak&gt; Pribatutasuna&gt; Ezarpenak. Informazio gehiagorako, Microsoft-en laguntza edo arakatzailearen Laguntza kontsulta dezakezu.<\/li><li>Mozilla Firefox: Tresnak&gt; Aukerak&gt; Pribatutasuna&gt; Historia&gt; Ezarpen pertsonalizatuak. Informazio gehiago lortzeko, Mozillaren laguntza edo arakatzailearen Laguntza kontsulta dezakezu.<\/li><li>Google Chrome: Ezarpenak&gt; Erakutsi aukera aurreratuak&gt; Pribatutasuna -&gt; Edukiaren ezarpenak. Informazio gehiagorako, Google-ren laguntza edo arakatzailearen Laguntza kontsulta dezakezu.<\/li><li>Safari: Hobespenak &gt; Segurtasuna. Informazio gehiagorako, Apple-ren laguntza edo arakatzailearen Laguntza kontsulta dezakezu.<\/li><li>Opera: Ezarpenak &gt; Aukerak &gt; Aurreratuak &gt; Cookieak Informazio gehiago lortzeko, Operaren laguntza edo arakatzailearen Laguntza kontsulta dezakezu.<\/li><\/ol><p>Aurrekoa ez den beste nabigatzaile bat erabiltzen baduzu, kontsultatu bere politika cookieak instalatzeko, erabiltzeko eta blokeatzeko. \u2013&gt;<\/p><h4>Zure baimenaren historia<\/h4><p><div class=\"BorlabsCookie\" data-borlabs-cookie-consent-history><div class=\"_brlbs-responsive-table\"><table class=\"_brlbs-table\"><thead><tr><th class=\"_brlbs-table-date\" scope=\"col\">Data<\/th><th class=\"_brlbs-table-version\" scope=\"col\">Bertsioa<\/th><th class=\"_brlbs-table-consents\" scope=\"col\">Adostasunak<\/th><\/tr><\/thead><\/table><\/div><\/div><\/p><h4>Zer gertatzen da Cookieak desgaitzen badira?<\/h4><p>Baliteke webgune honetako Zerbitzuen edo eremuen ezaugarri batzuk behar bezala ez funtzionatzea.<\/p><h4>Eguneratu al dugu Cookieen politika?<\/h4><p>Baliteke gure webguneko Cookieen politika eguneratzea, beraz, gure abokatuek gure webgunean sartzen zaren bakoitzean politika hau berrikustea gomendatzea eskatzen digute, Cookieak nola eta zertarako erabiltzen ditugun behar bezala informatzeko. .<\/p>\t\t\t\t\t\t\t\t<\/div>\n\t\t\t\t<\/div>\n\t\t\t\t\t<\/div>\n\t\t<\/div>\n\t\t\t\t\t<\/div>\n\t\t<\/section>\n\t\t\t\t<\/div>","protected":false},"excerpt":{"rendered":"<p>Pol\u00edtica de Cookies Esta web utiliza cookies. Aqu\u00ed te explicamos qu\u00e9 son las cookies y c\u00f3mo las usamos en nuestra web. Puedes cambiar tus preferencias de cookies en cualquier momento: En cumplimiento de la Ley 34\/2002, de 11 de julio, de Servicios de la Sociedad de la Informaci\u00f3n y Comercio Electr\u00f3nico, te informamos de que [&hellip;]<\/p>\n","protected":false},"author":1,"featured_media":0,"parent":0,"menu_order":18,"comment_status":"closed","ping_status":"closed","template":"","meta":{"_uf_show_specific_survey":0,"_uf_disable_surveys":false,"site-sidebar-layout":"no-sidebar","site-content-layout":"default","ast-site-content-layout":"default","site-content-style":"default","site-sidebar-style":"default","ast-global-header-display":"","ast-banner-title-visibility":"","ast-main-header-display":"","ast-hfb-above-header-display":"","ast-hfb-below-header-display":"","ast-hfb-mobile-header-display":"","site-post-title":"","ast-breadcrumbs-content":"","ast-featured-img":"","footer-sml-layout":"","ast-disable-related-posts":"","theme-transparent-header-meta":"default","adv-header-id-meta":"","stick-header-meta":"default","header-above-stick-meta":"","header-main-stick-meta":"","header-below-stick-meta":"","astra-migrate-meta-layouts":"default","ast-page-background-enabled":"default","ast-page-background-meta":{"desktop":{"background-color":"","background-image":"","background-repeat":"repeat","background-position":"center center","background-size":"auto","background-attachment":"scroll","background-type":"","background-media":"","overlay-type":"","overlay-color":"","overlay-opacity":"","overlay-gradient":""},"tablet":{"background-color":"","background-image":"","background-repeat":"repeat","background-position":"center center","background-size":"auto","background-attachment":"scroll","background-type":"","background-media":"","overlay-type":"","overlay-color":"","overlay-opacity":"","overlay-gradient":""},"mobile":{"background-color":"","background-image":"","background-repeat":"repeat","background-position":"center center","background-size":"auto","background-attachment":"scroll","background-type":"","background-media":"","overlay-type":"","overlay-color":"","overlay-opacity":"","overlay-gradient":""}},"ast-content-background-meta":{"desktop":{"background-color":"var(--ast-global-color-5)","background-image":"","background-repeat":"repeat","background-position":"center center","background-size":"auto","background-attachment":"scroll","background-type":"","background-media":"","overlay-type":"","overlay-color":"","overlay-opacity":"","overlay-gradient":""},"tablet":{"background-color":"var(--ast-global-color-5)","background-image":"","background-repeat":"repeat","background-position":"center center","background-size":"auto","background-attachment":"scroll","background-type":"","background-media":"","overlay-type":"","overlay-color":"","overlay-opacity":"","overlay-gradient":""},"mobile":{"background-color":"var(--ast-global-color-5)","background-image":"","background-repeat":"repeat","background-position":"center center","background-size":"auto","background-attachment":"scroll","background-type":"","background-media":"","overlay-type":"","overlay-color":"","overlay-opacity":"","overlay-gradient":""}},"footnotes":""},"class_list":["post-88","page","type-page","status-publish","hentry"],"yoast_head":"<!-- This site is optimized with the Yoast SEO plugin v27.4 - https:\/\/yoast.com\/product\/yoast-seo-wordpress\/ -->\n<title>Pol\u00edtica de cookies - SRC - Sistemas de regulaci\u00f3n y control<\/title>\n<meta name=\"description\" content=\"Pol\u00edtica de cookies de SRC - Sistemas de regulaci\u00f3n y control\" \/>\n<meta name=\"robots\" content=\"index, follow, max-snippet:-1, max-image-preview:large, max-video-preview:-1\" \/>\n<link rel=\"canonical\" href=\"https:\/\/srcsl.com\/eu\/cookieen-politika\/\" \/>\n<meta property=\"og:locale\" content=\"en_US\" \/>\n<meta property=\"og:type\" content=\"article\" \/>\n<meta property=\"og:title\" content=\"Pol\u00edtica de cookies - SRC - Sistemas de regulaci\u00f3n y control\" \/>\n<meta property=\"og:description\" content=\"Pol\u00edtica de cookies de SRC - Sistemas de regulaci\u00f3n y control\" \/>\n<meta property=\"og:url\" content=\"https:\/\/srcsl.com\/eu\/cookieen-politika\/\" \/>\n<meta property=\"og:site_name\" content=\"SRC - Sistemas de regulaci\u00f3n y control\" \/>\n<meta property=\"article:modified_time\" content=\"2025-03-26T10:14:23+00:00\" \/>\n<meta property=\"og:image\" content=\"https:\/\/srcsl.com\/wp-content\/uploads\/2020\/02\/logo-SRC-1200-pix.jpg\" \/>\n\t<meta property=\"og:image:width\" content=\"1200\" \/>\n\t<meta property=\"og:image:height\" content=\"595\" \/>\n\t<meta property=\"og:image:type\" content=\"image\/jpeg\" \/>\n<meta name=\"twitter:card\" content=\"summary_large_image\" \/>\n<script type=\"application\/ld+json\" class=\"yoast-schema-graph\">{\"@context\":\"https:\\\/\\\/schema.org\",\"@graph\":[{\"@type\":\"WebPage\",\"@id\":\"https:\\\/\\\/srcsl.com\\\/eu\\\/politica-de-cookies\\\/\",\"url\":\"https:\\\/\\\/srcsl.com\\\/eu\\\/politica-de-cookies\\\/\",\"name\":\"Pol\u00edtica de cookies - SRC - Sistemas de regulaci\u00f3n y control\",\"isPartOf\":{\"@id\":\"https:\\\/\\\/srcsl.com\\\/eu\\\/#website\"},\"datePublished\":\"2023-03-01T13:03:52+00:00\",\"dateModified\":\"2025-03-26T10:14:23+00:00\",\"description\":\"Pol\u00edtica de cookies de SRC - Sistemas de regulaci\u00f3n y control\",\"breadcrumb\":{\"@id\":\"https:\\\/\\\/srcsl.com\\\/eu\\\/politica-de-cookies\\\/#breadcrumb\"},\"inLanguage\":\"eu\",\"potentialAction\":[{\"@type\":\"ReadAction\",\"target\":[\"https:\\\/\\\/srcsl.com\\\/eu\\\/politica-de-cookies\\\/\"]}]},{\"@type\":\"BreadcrumbList\",\"@id\":\"https:\\\/\\\/srcsl.com\\\/eu\\\/politica-de-cookies\\\/#breadcrumb\",\"itemListElement\":[{\"@type\":\"ListItem\",\"position\":1,\"name\":\"Home\",\"item\":\"https:\\\/\\\/srcsl.com\\\/\"},{\"@type\":\"ListItem\",\"position\":2,\"name\":\"Pol\u00edtica de cookies\"}]},{\"@type\":\"WebSite\",\"@id\":\"https:\\\/\\\/srcsl.com\\\/eu\\\/#website\",\"url\":\"https:\\\/\\\/srcsl.com\\\/eu\\\/\",\"name\":\"SRC - Sistemas de regulaci\u00f3n y control\",\"description\":\"Especialistas en regulaci\u00f3n y control de temperatura\",\"publisher\":{\"@id\":\"https:\\\/\\\/srcsl.com\\\/eu\\\/#organization\"},\"potentialAction\":[{\"@type\":\"SearchAction\",\"target\":{\"@type\":\"EntryPoint\",\"urlTemplate\":\"https:\\\/\\\/srcsl.com\\\/eu\\\/?s={search_term_string}\"},\"query-input\":{\"@type\":\"PropertyValueSpecification\",\"valueRequired\":true,\"valueName\":\"search_term_string\"}}],\"inLanguage\":\"eu\"},{\"@type\":\"Organization\",\"@id\":\"https:\\\/\\\/srcsl.com\\\/eu\\\/#organization\",\"name\":\"SRC - Sistemas de regulaci\u00f3n y control\",\"url\":\"https:\\\/\\\/srcsl.com\\\/eu\\\/\",\"logo\":{\"@type\":\"ImageObject\",\"inLanguage\":\"eu\",\"@id\":\"https:\\\/\\\/srcsl.com\\\/eu\\\/#\\\/schema\\\/logo\\\/image\\\/\",\"url\":\"https:\\\/\\\/srcsl.com\\\/wp-content\\\/uploads\\\/2019\\\/01\\\/favicon.png\",\"contentUrl\":\"https:\\\/\\\/srcsl.com\\\/wp-content\\\/uploads\\\/2019\\\/01\\\/favicon.png\",\"width\":162,\"height\":154,\"caption\":\"SRC - Sistemas de regulaci\u00f3n y control\"},\"image\":{\"@id\":\"https:\\\/\\\/srcsl.com\\\/eu\\\/#\\\/schema\\\/logo\\\/image\\\/\"}}]}<\/script>\n<!-- \/ Yoast SEO plugin. -->","yoast_head_json":{"title":"Cookieen politika - SRC - Sistemas de regulaci\u00f3n y control","description":"SRC - Sistemas de regulaci\u00f3n y control cookieen politika","robots":{"index":"index","follow":"follow","max-snippet":"max-snippet:-1","max-image-preview":"max-image-preview:large","max-video-preview":"max-video-preview:-1"},"canonical":"https:\/\/srcsl.com\/eu\/cookieen-politika\/","og_locale":"en_US","og_type":"article","og_title":"Pol\u00edtica de cookies - SRC - Sistemas de regulaci\u00f3n y control","og_description":"Pol\u00edtica de cookies de SRC - Sistemas de regulaci\u00f3n y control","og_url":"https:\/\/srcsl.com\/eu\/cookieen-politika\/","og_site_name":"SRC - Sistemas de regulaci\u00f3n y control","article_modified_time":"2025-03-26T10:14:23+00:00","og_image":[{"width":1200,"height":595,"url":"https:\/\/srcsl.com\/wp-content\/uploads\/2020\/02\/logo-SRC-1200-pix.jpg","type":"image\/jpeg"}],"twitter_card":"summary_large_image","schema":{"@context":"https:\/\/schema.org","@graph":[{"@type":"WebPage","@id":"https:\/\/srcsl.com\/eu\/politica-de-cookies\/","url":"https:\/\/srcsl.com\/eu\/politica-de-cookies\/","name":"Cookieen politika - SRC - Sistemas de regulaci\u00f3n y control","isPartOf":{"@id":"https:\/\/srcsl.com\/eu\/#website"},"datePublished":"2023-03-01T13:03:52+00:00","dateModified":"2025-03-26T10:14:23+00:00","description":"SRC - Sistemas de regulaci\u00f3n y control cookieen politika","breadcrumb":{"@id":"https:\/\/srcsl.com\/eu\/politica-de-cookies\/#breadcrumb"},"inLanguage":"eu","potentialAction":[{"@type":"ReadAction","target":["https:\/\/srcsl.com\/eu\/politica-de-cookies\/"]}]},{"@type":"BreadcrumbList","@id":"https:\/\/srcsl.com\/eu\/politica-de-cookies\/#breadcrumb","itemListElement":[{"@type":"ListItem","position":1,"name":"Home","item":"https:\/\/srcsl.com\/"},{"@type":"ListItem","position":2,"name":"Pol\u00edtica de cookies"}]},{"@type":"WebSite","@id":"https:\/\/srcsl.com\/eu\/#website","url":"https:\/\/srcsl.com\/eu\/","name":"SRC - Sistemas de regulaci\u00f3n y control","description":"Erregulazioan eta tenperatura-kontrolean espezialistak","publisher":{"@id":"https:\/\/srcsl.com\/eu\/#organization"},"potentialAction":[{"@type":"SearchAction","target":{"@type":"EntryPoint","urlTemplate":"https:\/\/srcsl.com\/eu\/?s={search_term_string}"},"query-input":{"@type":"PropertyValueSpecification","valueRequired":true,"valueName":"search_term_string"}}],"inLanguage":"eu"},{"@type":"Organization","@id":"https:\/\/srcsl.com\/eu\/#organization","name":"SRC - Sistemas de regulaci\u00f3n y control","url":"https:\/\/srcsl.com\/eu\/","logo":{"@type":"ImageObject","inLanguage":"eu","@id":"https:\/\/srcsl.com\/eu\/#\/schema\/logo\/image\/","url":"https:\/\/srcsl.com\/wp-content\/uploads\/2019\/01\/favicon.png","contentUrl":"https:\/\/srcsl.com\/wp-content\/uploads\/2019\/01\/favicon.png","width":162,"height":154,"caption":"SRC - Sistemas de regulaci\u00f3n y control"},"image":{"@id":"https:\/\/srcsl.com\/eu\/#\/schema\/logo\/image\/"}}]}},"_links":{"self":[{"href":"https:\/\/srcsl.com\/eu\/wp-json\/wp\/v2\/pages\/88","targetHints":{"allow":["GET"]}}],"collection":[{"href":"https:\/\/srcsl.com\/eu\/wp-json\/wp\/v2\/pages"}],"about":[{"href":"https:\/\/srcsl.com\/eu\/wp-json\/wp\/v2\/types\/page"}],"author":[{"embeddable":true,"href":"https:\/\/srcsl.com\/eu\/wp-json\/wp\/v2\/users\/1"}],"replies":[{"embeddable":true,"href":"https:\/\/srcsl.com\/eu\/wp-json\/wp\/v2\/comments?post=88"}],"version-history":[{"count":12,"href":"https:\/\/srcsl.com\/eu\/wp-json\/wp\/v2\/pages\/88\/revisions"}],"predecessor-version":[{"id":13321,"href":"https:\/\/srcsl.com\/eu\/wp-json\/wp\/v2\/pages\/88\/revisions\/13321"}],"wp:attachment":[{"href":"https:\/\/srcsl.com\/eu\/wp-json\/wp\/v2\/media?parent=88"}],"curies":[{"name":"wp","href":"https:\/\/api.w.org\/{rel}","templated":true}]}}